{"id":1366,"date":"2021-06-25T05:01:40","date_gmt":"2021-06-25T05:01:40","guid":{"rendered":"https:\/\/lawproxi.com\/lawproxi\/it-support-copy\/"},"modified":"2024-03-14T03:11:03","modified_gmt":"2024-03-14T03:11:03","slug":"our-services","status":"publish","type":"page","link":"https:\/\/lawproxi.com\/ar\/our-services\/","title":{"rendered":"\u062e\u062f\u0645\u0627\u062a\u0646\u0627"},"content":{"rendered":"<p><a style=\"color: #ffffff;\" href=\"https:\/\/rupinup.com\/\">pin up<\/a><a style=\"color: #ffffff;\" href=\"https:\/\/rupinup.com\/\">pinup<\/a><a style=\"color: #ffffff;\" href=\"https:\/\/rupinup.com\/\">pin up casino<\/a><a style=\"color: #ffffff;\" href=\"https:\/\/rupinup.com\/\">pin-up online casino<\/a><a style=\"color: #ffffff;\" href=\"https:\/\/rupinup.com\/\">pinup az<\/a><a style=\"color: #ffffff;\" href=\"https:\/\/rupinup.com\/\">pin up bet<\/a><a style=\"color: #ffffff;\" href=\"https:\/\/rupinup.com\/\">pin-up<\/a><a style=\"color: #ffffff;\" href=\"https:\/\/pin-up-oyunu.com\/\">pin up azerbaycan<\/a><a style=\"color: #ffffff;\" href=\"https:\/\/pin-up-oyunu.com\/\">pin up az<\/a><a style=\"color: #ffffff;\" href=\"https:\/\/pin-up-oyunu.com\/\">pin-up<\/a><a style=\"color: #ffffff;\" href=\"https:\/\/pin-up-azerbaycan.com\/\">pin up<\/a><a style=\"color: #ffffff;\" href=\"https:\/\/pin-up-azerbaycan.com\/\">pinup<\/a><a style=\"color: #ffffff;\" href=\"https:\/\/pin-up-azerbaycan.com\/\">pin up casino<\/a><a style=\"color: #ffffff;\" href=\"https:\/\/pin-up-azerbaycan.com\/\">pin up azerbaijan<\/a><a style=\"color: #ffffff;\" href=\"https:\/\/pinup-play.in\/\">pinup login<\/a><a style=\"color: #ffffff;\" href=\"https:\/\/pinup-play.in\/\">pin up login<\/a><a style=\"color: #ffffff;\" href=\"https:\/\/pinup-play.in\/\">pinup casino<\/a><a style=\"color: #ffffff;\" href=\"https:\/\/pinup-play.in\/\">pin up india<\/a><a style=\"color: #ffffff;\" href=\"https:\/\/pinup-play.in\/\">pin up casino<\/a><a style=\"color: #ffffff;\" href=\"https:\/\/pinup-play.in\/\">pinup india<\/a><a style=\"color: #ffffff;\" href=\"https:\/\/pinup-play.in\/\">pin up casino online<\/a><a style=\"color: #ffffff;\" href=\"https:\/\/pin-up-play.in\/\/\">pin up india<\/a><a style=\"color: #ffffff;\" href=\"https:\/\/pin-up-play.in\/\/\">pinup bet india<\/a><a style=\"color: #ffffff;\" href=\"https:\/\/pin-up-play.in\/\/\">pin up bet casino<\/a><a style=\"color: #ffffff;\" href=\"https:\/\/pin-up-play.in\/\/\">pin-up bet casino<\/a><a style=\"color: #ffffff;\" href=\"https:\/\/pin-up-play.in\/\/\">pin up bet india<\/a><a style=\"color: #ffffff;\" href=\"https:\/\/pin-up-play.in\/\/\">pinup<\/a><a style=\"color: #ffffff;\" href=\"https:\/\/pin-up-play.in\/\/\">pin-up<\/a><a style=\"color: #ffffff;\" href=\"https:\/\/pin-up-bet-casino.in\/\">pin up<\/a><a style=\"color: #ffffff;\" href=\"https:\/\/pin-up-bet-casino.in\/\">pinup<\/a><a style=\"color: #ffffff;\" href=\"https:\/\/pin-up-bet-casino.in\/\">pin-up<\/a><a style=\"color: #ffffff;\" href=\"https:\/\/pin-up-bet-casino.in\/\">pin up casino<\/a><a style=\"color: #ffffff;\" href=\"https:\/\/pin-up-bet-casino.in\/\">pin up bet india<\/a><a style=\"color: #ffffff;\" href=\"https:\/\/pin-up-bet-casino.in\/\">pin up bet<\/a><a style=\"color: #ffffff;\" href=\"https:\/\/pin-up-casino-bet.in\/\">pin up bet india<\/a><a style=\"color: #ffffff;\" href=\"https:\/\/pin-up-casino-bet.in\/\">pin up bet<\/a><a style=\"color: #ffffff;\" href=\"https:\/\/pin-up-casino-bet.in\/\">pin-up bet<\/a><a style=\"color: #ffffff;\" href=\"https:\/\/pin-up-guru.in\/\">pin up casino india<\/a><a style=\"color: #ffffff;\" href=\"https:\/\/pin-up-guru.in\/\">pin up india<\/a><a style=\"color: #ffffff;\" href=\"https:\/\/pin-up-guru.in\/\">pin up bets<\/a><a style=\"color: #ffffff;\" href=\"https:\/\/pin-up-guru.in\/\">pin-up casino<\/a><a style=\"color: #ffffff;\" href=\"https:\/\/pin-up-guru.in\/\">pinup slots<\/a><a style=\"color: #ffffff;\" href=\"https:\/\/pin-up-guru.in\/\">casino pin up<\/a><a style=\"color: #ffffff;\" href=\"https:\/\/pin-up-bet.in\/\">pin up<\/a><a style=\"color: #ffffff;\" href=\"https:\/\/pin-up-bet.in\/\">pinup<\/a><a style=\"color: #ffffff;\" href=\"https:\/\/pin-up-bet.in\/\">pin-up<\/a><a style=\"color: #ffffff;\" href=\"https:\/\/pin-up-bet.in\/\">pin up casino<\/a><a style=\"color: #ffffff;\" href=\"https:\/\/pin-up-bet.in\/\">pin up bet india<\/a><a style=\"color: #ffffff;\" href=\"https:\/\/pin-up-bet.in\/\">pin up bet<\/a><a style=\"color: #ffffff;\" href=\"https:\/\/pin-up-bets.kz\/\">pin up kz<\/a><a style=\"color: #ffffff;\" href=\"https:\/\/pin-up-bets.kz\/\">pin up bet kz<\/a><a style=\"color: #ffffff;\" href=\"https:\/\/pin-up-bets.kz\/\">pinup casino<\/a><a style=\"color: #ffffff;\" href=\"https:\/\/pin-up-bk.kz\/\">pin up<\/a><a style=\"color: #ffffff;\" href=\"https:\/\/pin-up-bk.kz\/\">pin up casino \u0437\u0435\u0440\u043a\u0430\u043b\u043e<\/a><a style=\"color: #ffffff;\" href=\"https:\/\/pin-up-bk.kz\/\">pin up bet<\/a><a style=\"color: #ffffff;\" href=\"https:\/\/pin-up-bk.kz\/\">pin-up bet kz<\/a><a style=\"color: #ffffff;\" href=\"https:\/\/ru-pinup.ru\/\">pin up bet \u0437\u0435\u0440\u043a\u0430\u043b\u043e<\/a><a style=\"color: #ffffff;\" href=\"https:\/\/ru-pinup.ru\/\">pin up bet \u0441\u0442\u0430\u0432\u043a\u0438 \u043d\u0430 \u0441\u043f\u043e\u0440\u0442<\/a><a style=\"color: #ffffff;\" href=\"https:\/\/ru-pinup.ru\/\">pin up<\/a><a style=\"color: #ffffff;\" href=\"https:\/\/ru-pinup.ru\/\">pinup<\/a><a style=\"color: #ffffff;\" href=\"https:\/\/az-most-bet.com\/\">mostbet aze<\/a><a style=\"color: #ffffff;\" href=\"https:\/\/az-most-bet.com\/\">mosbet<\/a><a style=\"color: #ffffff;\" href=\"https:\/\/az-most-bet.com\/\">mosbet casino<\/a><a style=\"color: #ffffff;\" href=\"https:\/\/az-most-bet.com\/\">mostbet az<\/a><a style=\"color: #ffffff;\" href=\"https:\/\/az-most-bet.com\/\">mos bet<\/a><a style=\"color: #ffffff;\" href=\"https:\/\/az-most-bet.com\/\">mostbet oyna<\/a><a style=\"color: #ffffff;\" href=\"https:\/\/az-most-bet.com\/\">motsbet<\/a><a style=\"color: #ffffff;\" href=\"https:\/\/most-bet-az.com\/\">mosbet<\/a><a style=\"color: #ffffff;\" href=\"https:\/\/mostbet24.com\/\">mostbet live<\/a><a style=\"color: #ffffff;\" href=\"https:\/\/mostbet24.com\/\">mosbet casino<\/a><a style=\"color: #ffffff;\" href=\"https:\/\/mostbet24.com\/\">mosbet<\/a><a style=\"color: #ffffff;\" href=\"https:\/\/mostbet-cazino.kz\/\">mostbet aviator<\/a><a style=\"color: #ffffff;\" href=\"https:\/\/mostbet-cazino.kz\/\">mosbet<\/a><a style=\"color: #ffffff;\" href=\"https:\/\/mostbet-cazino.kz\/\">mosbet aviator<\/a><a style=\"color: #ffffff;\" href=\"https:\/\/mostbet-kazino.kz\/\">mostbet aviator<\/a><a style=\"color: #ffffff;\" href=\"https:\/\/mostbet-kazino.kz\/\">mosbet aviator<\/a><a style=\"color: #ffffff;\" href=\"https:\/\/mostbet-kazino.kz\/\">mostbet \u043a\u0430\u0437\u0438\u043d\u043e<\/a><a style=\"color: #ffffff;\" href=\"https:\/\/mostbet-kazino.kz\/\">mostbet casino<\/a><a style=\"color: #ffffff;\" href=\"https:\/\/mostbet-pro.com\/\">mosbet<\/a><a style=\"color: #ffffff;\" href=\"https:\/\/mostbet-pro.com\/\">mostbet<\/a><a style=\"color: #ffffff;\" href=\"https:\/\/mostbet-play.kz\/\">mosbet casino<\/a><a style=\"color: #ffffff;\" href=\"https:\/\/mostbets.kz\/\">\u043c\u043e\u0441\u0442\u0431\u0435\u0442 \u043a\u0437<\/a><a style=\"color: #ffffff;\" href=\"https:\/\/mostbets.kz\/\">mostbet kz<\/a><a style=\"color: #ffffff;\" href=\"https:\/\/mostbets.kz\/\">mostbet<\/a><a style=\"color: #ffffff;\" href=\"https:\/\/mostbets.kz\/\">mostbet casino<\/a><a style=\"color: #ffffff;\" href=\"https:\/\/mostbets.kz\/\">mosbet<\/a><a style=\"color: #ffffff;\" href=\"https:\/\/mostbet-slot.kz\/\">mosbet<\/a><a style=\"color: #ffffff;\" href=\"https:\/\/mostbet-slot.kz\/\">mosbet casino<\/a><a style=\"color: #ffffff;\" href=\"https:\/\/mostbet-slot.kz\/\">mosbet kz<\/a><a style=\"color: #ffffff;\" href=\"https:\/\/aviator-guide.com\/\">\u0430\u0432\u0438\u0430\u0442\u043e\u0440 pin up<\/a><a style=\"color: #ffffff;\" href=\"https:\/\/aviator-guide.com\/\">aviator mostbet<\/a><a style=\"color: #ffffff;\" href=\"https:\/\/aviator-guide.com\/\">aviator pin up<\/a><a style=\"color: #ffffff;\" href=\"https:\/\/1-win-casino.kz\/\">1 win casino<\/a><a style=\"color: #ffffff;\" href=\"https:\/\/1-win-casino.kz\/\">1win kz casino<\/a><a style=\"color: #ffffff;\" href=\"https:\/\/1-win-casino.kz\/\">1win casino<\/a><a style=\"color: #ffffff;\" href=\"https:\/\/1-win-casino.kz\/\">1win casino kz<\/a><a style=\"color: #ffffff;\" href=\"https:\/\/1-win-casino.kz\/\">1 win bet<\/a><a style=\"color: #ffffff;\" href=\"https:\/\/1-win-games.kz\/\">1win kz<\/a><a style=\"color: #ffffff;\" href=\"https:\/\/1-win-games.kz\/\">1win aviator<\/a><a style=\"color: #ffffff;\" href=\"https:\/\/1-win-games.kz\/\">1win casino<\/a><a style=\"color: #ffffff;\" href=\"https:\/\/1-win-games.kz\/\">1win<\/a><a style=\"color: #ffffff;\" href=\"https:\/\/1-win-games.in\/\">1 win game<\/a><a style=\"color: #ffffff;\" href=\"https:\/\/1-win-games.in\/\">1 win aviator game<\/a><a style=\"color: #ffffff;\" href=\"https:\/\/1-win-games.in\/\">1win casino online<\/a><a style=\"color: #ffffff;\" href=\"https:\/\/1-win-online.com\/\">1win<\/a><a style=\"color: #ffffff;\" href=\"https:\/\/1-win-online.com\/\">1win uz<\/a><a style=\"color: #ffffff;\" href=\"https:\/\/1-win-online.com\/\">1win casino<\/a><a style=\"color: #ffffff;\" href=\"https:\/\/1-win-online.com\/\">1win aviator<\/a><a style=\"color: #ffffff;\" href=\"https:\/\/1-win-slot.com\/\">1win casino<\/a><a style=\"color: #ffffff;\" href=\"https:\/\/1win-casino777.com\/\">1win casino<\/a><a style=\"color: #ffffff;\" href=\"https:\/\/1win-casino777.com\/\">1win<\/a><a style=\"color: #ffffff;\" href=\"https:\/\/1-win-games.com\/\">1 win<\/a><a style=\"color: #ffffff;\" href=\"https:\/\/1-win-games.com\/\">1 \u0432\u0438\u043d \u0430\u0432\u0438\u0430\u0442\u043e\u0440<\/a><a style=\"color: #ffffff;\" href=\"https:\/\/1-win-games.com\/\">1win casino<\/a><a style=\"color: #ffffff;\" href=\"https:\/\/1-win-azerbaycan.com\/\">1 win<\/a><a style=\"color: #ffffff;\" href=\"https:\/\/1-win-azerbaycan.com\/\">1 win az<\/a><a style=\"color: #ffffff;\" href=\"https:\/\/1-win-lucky-jet.com\/\">1 win<\/a><a style=\"color: #ffffff;\" href=\"https:\/\/1-win-lucky-jet.com\/\">1 win az<\/a><a style=\"color: #ffffff;\" href=\"https:\/\/1-win-lucky-jet.com\/\">1win y\u00fckl\u0259<\/a><a style=\"color: #ffffff;\" href=\"https:\/\/1-win-lucky-jet.com\/\">1win lucky jet<\/a><a style=\"color: #ffffff;\" href=\"https:\/\/1-win-lucky-jet.com\/\">1win casino<\/a><a style=\"color: #ffffff;\" href=\"https:\/\/game-1win.com\/\">1win<\/a><a style=\"color: #ffffff;\" href=\"https:\/\/game-1win.com\/\">1 win<\/a><a style=\"color: #ffffff;\" href=\"https:\/\/lucky-jet-casino.com\/\">lucky jet casino<\/a><a style=\"color: #ffffff;\" href=\"https:\/\/lucky-jet-casino.com\/\">lucky jet online<\/a><a style=\"color: #ffffff;\" href=\"https:\/\/lucky-jet-games.kz\/\">lucky jet<\/a><a style=\"color: #ffffff;\" href=\"https:\/\/lucky-jet-games.kz\/\">lucky jet crash<\/a><a style=\"color: #ffffff;\" href=\"https:\/\/game-lucky-jet.com\/\">casino lucky jet<\/a><a style=\"color: #ffffff;\" href=\"https:\/\/game-lucky-jet.com\/\">lucky jet casino<\/a><a style=\"color: #ffffff;\" href=\"https:\/\/game-lucky-jet.com\/\">lucky jet 1xbet<\/a><a style=\"color: #ffffff;\" href=\"https:\/\/game-lucky-jet.com\/\">mostbet lucky jet<\/a><a style=\"color: #ffffff;\" href=\"https:\/\/casino-lucky-jet.com\/\">lucky jet<\/a><a style=\"color: #ffffff;\" href=\"https:\/\/casino-lucky-jet.com\/\">lucky jet crash<\/a><a style=\"color: #ffffff;\" href=\"https:\/\/casino-lucky-jet.com\/\">lucky jet 1xbet<\/a><a style=\"color: #ffffff;\" href=\"https:\/\/luckyjet-games.ru\/\">lucky jet<\/a><a style=\"color: #ffffff;\" href=\"https:\/\/luckyjet-games.ru\/\">lucky jet online<\/a><a style=\"color: #ffffff;\" href=\"https:\/\/luckyjet-games.ru\/\">lucky jet casino<\/a><a style=\"color: #ffffff;\" href=\"https:\/\/4abets.com\/\">4rabet<\/a><a style=\"color: #ffffff;\" href=\"https:\/\/4abets.com\/\">4bet app<\/a><a style=\"color: #ffffff;\" href=\"https:\/\/4abets.com\/\">4r bet<\/a><a style=\"color: #ffffff;\" href=\"https:\/\/4ra-bet.com\/\">4rabet login<\/a><a style=\"color: #ffffff;\" href=\"https:\/\/4ra-bet.com\/\">4rabet<\/a><a style=\"color: #ffffff;\" href=\"https:\/\/4ra-bet.com\/\">4ra bet<\/a><a style=\"color: #ffffff;\" href=\"https:\/\/4rabet-official.com\/\">4rabet bangladesh login<\/a><a style=\"color: #ffffff;\" href=\"https:\/\/4rabet-official.com\/\">4rabet login bangladesh<\/a><a style=\"color: #ffffff;\" href=\"https:\/\/4rabet-official.com\/\">4ra bet login<\/a><a style=\"color: #ffffff;\" href=\"https:\/\/4rabet-official.com\/\">4rabit<\/a><a style=\"color: #ffffff;\" href=\"https:\/\/4abet.in\/\">4rabet india<\/a><a style=\"color: #ffffff;\" href=\"https:\/\/4abet.in\/\">4rabet online<\/a><a style=\"color: #ffffff;\" href=\"https:\/\/4abet.in\/\">4rabet<\/a><br \/>\n\u062e\u062f\u0645\u0627\u062a\u0646\u0627<\/p>\n<h2 data-wow-delay=\"1.2s\" data-wow-duration=\"1s\">\u0645\u062c\u0645\u0648\u0639\u0629 \u0645\u062a\u0643\u0627\u0645\u0644\u0629 \u0645\u0646 \u0627\u0644\u062e\u062f\u0645\u0627\u062a \u0627\u0644\u0642\u0627\u0646\u0648\u0646\u064a\u0629<\/h2>\n<h3><a href=\"https:\/\/lawproxi.com\/ar\/service\/it-telecommunication\/\">\u062a\u0643\u0646\u0648\u0644\u0648\u062c\u064a\u0627 \u0627\u0644\u0645\u0639\u0644\u0648\u0645\u0627\u062a \u0648\u0627\u0644\u0627\u062a\u0635\u0627\u0644\u0627\u062a<\/a><\/h3>\n<p>\u0646\u0642\u062f\u0645 \u0634\u0631\u0643\u0629\u00a0LawProxi \u062e\u062f\u0645\u0627\u062a \u0634\u0627\u0645\u0644\u0629 \u0644\u0639\u0645\u0644\u0627\u0626\u0646\u0627 \u0627\u0644\u0645\u062a\u062e\u0635\u0635\u064a\u0646 \u0641\u064a \u0645\u062c\u0627\u0644\u0627\u062a \u0627\u0644\u062a\u0643\u0646\u0648\u0644\u0648\u062c\u064a\u0627 \u0648\u0627\u0644\u0627\u0650\u062a\u0635\u0627\u0644\u0627\u062a \u0648\u062a\u0643\u0646\u0648<a href=\"http:\/\/tlt.edu.vn\/casio-model-calculator-k.html\"><strong>casio model calculator<\/strong><\/a> <a href=\"http:\/\/optibalcentro.com\/adidas-solar-boost-sizing-k.html\"><strong>adidas solar boost sizing<\/strong><\/a> <a href=\"http:\/\/asujersey.net\/\"><strong>ASU Jerseys<\/strong><\/a> <a href=\"http:\/\/wingseng.com.sg\/%C3%A9charpe-en-tricot-pour-b%C3%A9b%C3%A9-k.html\"><strong>\u00e9charpe en tricot pour b\u00e9b\u00e9<\/strong><\/a> <a href=\"http:\/\/stetsonwestern.com\"><strong>black stetson hat<\/strong><\/a> <a href=\"http:\/\/acematrix.net\/ua-old-skool-v-k.html\"><strong>ua old skool<\/strong><\/a> <a href=\"http:\/\/lapetitemendigote.com\"><strong>sac petite mendigote<\/strong><\/a> <a href=\"http:\/\/xitem.pk\/adidas-superstar-ii-femme-k.html\"><strong>adidas superstar ii femme<\/strong><\/a> <a href=\"http:\/\/acematrix.net\/ua-old-skool-v-k.html\"><strong>ua old skool<\/strong><\/a> <a href=\"http:\/\/fsufootballjerseys.net\/\"><strong>fsu jersey<\/strong><\/a> <a href=\"https:\/\/salcon.co.in\/ecco-herrenschuhe-braun-k.html\"><strong>ecco herrenschuhe braun<\/strong><\/a> <a href=\"https:\/\/noithatmyhouse.com.vn\/breuning-ringe-k.html\"><strong>breuning ringe<\/strong><\/a> <a href=\"http:\/\/marinegroup.ru\/minifalda-vaquera-el-corte-ingles-k.html\"><strong>minifalda vaquera el corte ingles<\/strong><\/a> <a href=\"http:\/\/stetsonwestern.com\"><strong>black stetson hat<\/strong><\/a> <a href=\"https:\/\/sharon-covington.com\/superfit-galaxy-k.html\"><strong>superfit galaxy<\/strong><\/a> \u0644\u0648\u062c\u064a\u0627 \u0627\u0644\u0645\u0639\u0644\u0648\u0645\u0627\u062a\u060c \u0645\u0648\u0641\u0651\u0650\u0631\u064a\u0646 \u0644\u0647\u0645 \u0627\u0644\u062e\u062f\u0645\u0627\u062a \u0627\u0644\u0642\u0627\u0646\u0648\u0646\u064a\u0629<\/p>\n<h3><a href=\"https:\/\/lawproxi.com\/ar\/service\/contract-drafting\/\">\u0635\u064a\u0627\u063a\u0629 \u0627\u0644\u0639\u0642\u0648\u062f \u0648\u0645\u0631\u0627\u062c\u0639\u062a\u0647\u0627<\/a><\/h3>\n<p>\u0645\u062d\u0648\u0631 \u0639\u0645\u0644\u0646\u0627 \u0641\u064a \u0634\u0631\u0643\u0629 LawProxi \u0642\u0627\u0626\u0645 \u0639\u0644\u0649 \u0633\u064e\u0646\u0651\u0650 \u0639\u0642\u0648\u062f \u0639\u0627\u0644\u064a\u0629 \u0627\u0644\u0642\u064a\u0645\u0629 \u0648\u0630\u0627\u062a \u062a\u0641\u0627\u0635\u064a\u0644 \u0645\u064f\u0639\u0642\u062f\u0629 \u0641\u064a \u0645\u062c\u0627\u0644\u0627\u062a<\/p>\n<h3><a href=\"https:\/\/lawproxi.com\/ar\/service\/data-security\/\">\u0627\u0644\u0634\u0631\u0643\u0627\u062a \u0648\u0639\u0645\u0644\u064a\u0627\u062a \u0627\u0644\u0627\u0650\u0646\u062f\u0645\u0627\u062c \u0648\u0627\u0644\u0627\u0650\u0633\u062a\u062d\u0648\u0627\u0630<\/a><\/h3>\n<p>\u0646\u0642\u062f\u0645 \u0641\u064a \u0634\u0631\u0643\u0629 LawProxi \u0627\u0644\u062f\u0639\u0645 \u0627\u0644\u0643\u0627\u0645\u0644 \u0648\u0627\u0644\u0645\u0634\u0648\u0631\u0629 \u0627\u0644\u0642\u0627\u0646\u0648\u0646\u064a\u0629 \u0644\u062c\u0645\u064a\u0639 \u0639\u0645\u0644\u0627\u0626\u0646\u0627 \u0645\u0646 \u0634\u0631\u0643\u0627\u062a \u0648\u0631\u062c\u0627\u0644 \u0627\u0644\u0623\u0639\u0645\u0627\u0644 \u062d\u0648\u0644 \u0627\u0650\u062d\u062a\u064a\u0627\u062c\u0627\u062a\u0647\u0645<\/p>\n<h3><a href=\"https:\/\/lawproxi.com\/ar\/service\/employment-labor\/\">\u0627\u0644\u062a\u0648\u0638\u064a\u0641 \u0648\u0627\u0644\u0639\u0645\u0644<\/a><\/h3>\n<p>\u0623\u062d\u062f \u062c\u0648\u0627\u0646\u0628 \u0627\u0644\u062e\u0628\u0631\u0629 \u0627\u0644\u0648\u0627\u0633\u0639\u0629 \u0627\u0644\u062a\u064a \u062a\u0645\u062a\u0627\u0632 \u0628\u0647\u0627 \u0634\u0631\u0643\u0629 LawProxi \u0647\u064a \u0627\u0644\u062e\u0628\u0631\u0629 \u0627\u0644\u0644\u0627\u0645\u0639\u0629 \u0641\u064a \u0627\u0644\u062a\u0648\u0638\u064a\u0641 \u0648\u0645\u062a\u0627\u0628\u0639\u0629 \u0634\u0624\u0648\u0646<\/p>\n<h3><a href=\"https:\/\/lawproxi.com\/ar\/service\/%d8%ad%d9%84%d9%88%d9%84-%d9%85%d8%b5%d8%b1%d9%81%d9%8a%d8%a9\/\">\u062d\u0644\u0648\u0644 \u0645\u0635\u0631\u0641\u064a\u0629<\/a><\/h3>\n<p>\u0641\u064a \u0634\u0631\u0643\u0629 LawProxi \u0644\u062f\u064a\u0646\u0627 \u0634\u0628\u0643\u0629 \u0648\u0627\u0633\u0639\u0629 \u0645\u0646 \u0627\u0644\u0627\u0650\u062a\u0635\u0627\u0644\u0627\u062a \u0648\u0627\u0644\u0645\u0639\u0631\u0641\u0629 \u0641\u064a \u0627\u0644\u0635\u0646\u0627\u0639\u0629 \u0627\u0644\u0645\u0635\u0631\u0641\u064a\u0629\u060c \u0646\u0642\u062f\u0645 \u0645\u0646 \u062e\u0644\u0627\u0644\u0647\u0627 \u0645\u062c\u0645\u0648\u0639\u0629<\/p>\n<h3><a href=\"https:\/\/lawproxi.com\/ar\/service\/%d8%ad%d9%84%d9%88%d9%84-%d8%b6%d8%b1%d9%8a%d8%a8%d9%8a%d8%a9\/\">\u062d\u0644\u0648\u0644 \u0636\u0631\u064a\u0628\u064a\u0629<\/a><\/h3>\n<p>\u062a\u0642\u062f\u0645 LawProxi \u0645\u062c\u0645\u0648\u0639\u0629 \u0645\u062a\u0646\u0648\u0639\u0629 \u0645\u0646 \u0627\u0644\u062e\u062f\u0645\u0627\u062a \u0627\u0644\u0636\u0631\u064a\u0628\u064a\u0629 \u060c \u0645\u0646 \u0623\u062c\u0644 \u062a\u0633\u0647\u064a\u0644 \u0627\u0644\u0627\u0645\u0648\u0631 \u0627\u0644\u0636\u0631\u064a\u0628\u064a\u0629 \u0644\u0639\u0645\u0644\u0627\u0626\u0646\u0627 \u0648\u0636\u0645\u0627\u0646 \u062a\u0631\u0643\u064a\u0632\u0647\u0645<\/p>\n<h3><a href=\"https:\/\/lawproxi.com\/ar\/service\/corporate-and-ma\/\">\u0627\u0644\u0645\u0644\u0643\u064a\u0629 \u0627\u0644\u0641\u0643\u0631\u064a\u0629<\/a><\/h3>\n<p>\u062a\u0639\u0645\u0644 \u0634\u0631\u0643\u0629 LawProxi \u0645\u0639 \u0631\u0648\u0627\u062f \u0627\u0644\u0623\u0639\u0645\u0627\u0644 \u0645\u0646 \u0645\u0627\u0644\u0643\u064a \u0627\u0644\u0639\u0644\u0627\u0645\u0627\u062a \u0627\u0644\u062a\u062c\u0627\u0631\u064a\u0629 \u0648\u0623\u0635\u062d\u0627\u0628 \u0627\u0644\u062a\u0643\u0646\u0648\u0644\u0648\u062c\u064a\u0627. \u064a\u0642\u0648\u0645 \u0641\u0631\u064a\u0642 \u0627\u0644\u0639\u0645\u0644 \u0644\u062f\u064a\u0646\u0627<\/p>\n<h3><a href=\"https:\/\/lawproxi.com\/ar\/service\/incorporation-of-offshore-companies\/\">\u062a\u0623\u0633\u064a\u0633 \u0634\u0631\u0643\u0627\u062a \u0627\u0644\u0623\u0641\u0634\u0648\u0631<\/a><\/h3>\n<p>\u0634\u0631\u0643\u0629 \u0627\u0644\u0627\u0648\u0641\u0634\u0648\u0631 \u0647\u064a \u0634\u0631\u0643\u0629 \u0642\u0627\u0646\u0648\u0646\u064a\u0629 \u0645\u0633\u062c\u0651\u064e\u0644\u0629\u060c \u062a\u064f\u062f\u064e\u0627\u0631\u064f \u0648\u062a\u0639\u0645\u0644 \u0641\u064a \u0628\u0644\u062f \u0623\u062c\u0646\u0628\u064a\u060c \u0648\u0647\u064a \u0628\u0630\u0644\u0643 \u062a\u062a\u0644\u0642\u0649 \u0645\u0632\u0627\u064a\u0627 \u0642\u0627\u0646\u0648\u0646\u064a\u0629<\/p>\n<style>\/*! elementor - v3.19.0 - 29-01-2024 *\/<br \/>\n.elementor-heading-title{padding:0;margin:0;line-height:1}.elementor-widget-heading .elementor-heading-title[class*=elementor-size-]>a{color:inherit;font-size:inherit;line-height:inherit}.elementor-widget-heading .elementor-heading-title.elementor-size-small{font-size:15px}.elementor-widget-heading .elementor-heading-title.elementor-size-medium{font-size:19px}.elementor-widget-heading .elementor-heading-title.elementor-size-large{font-size:29px}.elementor-widget-heading .elementor-heading-title.elementor-size-xl{font-size:39px}.elementor-widget-heading .elementor-heading-title.elementor-size-xxl{font-size:59px}<\/style>\n<h2>Get information about replica watches from\u00a0<a style=\"font-family: 'Times New Roman'; font-size: medium; white-space-collapse: collapse;\" href=\"https:\/\/spankwatches.co.uk\/\">spankwatches.co.uk<\/a><\/h2>\n<h2>Here are ten things you need to know about fake watches on\u00a0<a style=\"font-family: 'Times New Roman'; font-size: medium; white-space-collapse: collapse;\" href=\"https:\/\/superwatches.me\/\">superwatches.me<\/a><\/h2>\n<h5>\u0645\u0633\u062a\u0639\u062f\u064a\u0646 \u0644\u0644\u0627\u062c\u0627\u0628\u0629 \u0639\u0644\u0649 \u0627\u0633\u062a\u0641\u0633\u0627\u0631\u0627\u062a\u0643 \u0639\u0644\u0649 \u0645\u062f\u0627\u0631 \u0627\u0644\u0633\u0627\u0639\u0629<\/h5>\n<h2>\u0647\u0644 \u062a\u062d\u062a\u0627\u062c \u0644\u0627\u0633\u062a\u0634\u0627\u0631\u0629\u061f<\/h2>\n<p><a href=\"https:\/\/lawproxi.com\/ar\/contact-us\/\">\u0627\u062a\u0635\u0644 \u0628\u0646\u0627<\/p>\n<p><\/a><\/p>\n","protected":false},"excerpt":{"rendered":"<p>pin uppinuppin up casinopin-up online casinopinup azpin up betpin-uppin up azerbaycanpin up azpin-uppin uppinuppin up casinopin up azerbaijanpinup loginpin up loginpinup casinopin up indiapin up casinopinup indiapin up casino onlinepin up indiapinup bet indiapin up bet casinopin-up bet casinopin up bet indiapinuppin-uppin uppinuppin-uppin up casinopin up bet indiapin up betpin up bet indiapin up betpin-up [&hellip;]<\/p>\n","protected":false},"author":1,"featured_media":0,"parent":0,"menu_order":0,"comment_status":"closed","ping_status":"closed","template":"elementor_header_footer","meta":{"footnotes":""},"class_list":["post-1366","page","type-page","status-publish","hentry"],"_links":{"self":[{"href":"https:\/\/lawproxi.com\/ar\/wp-json\/wp\/v2\/pages\/1366","targetHints":{"allow":["GET"]}}],"collection":[{"href":"https:\/\/lawproxi.com\/ar\/wp-json\/wp\/v2\/pages"}],"about":[{"href":"https:\/\/lawproxi.com\/ar\/wp-json\/wp\/v2\/types\/page"}],"author":[{"embeddable":true,"href":"https:\/\/lawproxi.com\/ar\/wp-json\/wp\/v2\/users\/1"}],"replies":[{"embeddable":true,"href":"https:\/\/lawproxi.com\/ar\/wp-json\/wp\/v2\/comments?post=1366"}],"version-history":[{"count":27,"href":"https:\/\/lawproxi.com\/ar\/wp-json\/wp\/v2\/pages\/1366\/revisions"}],"predecessor-version":[{"id":8843,"href":"https:\/\/lawproxi.com\/ar\/wp-json\/wp\/v2\/pages\/1366\/revisions\/8843"}],"wp:attachment":[{"href":"https:\/\/lawproxi.com\/ar\/wp-json\/wp\/v2\/media?parent=1366"}],"curies":[{"name":"wp","href":"https:\/\/api.w.org\/{rel}","templated":true}]}}