{"id":225,"date":"2021-06-17T04:02:38","date_gmt":"2021-06-17T04:02:38","guid":{"rendered":"https:\/\/lawproxi.com\/lawproxi\/about-us-copy\/"},"modified":"2024-03-14T03:10:53","modified_gmt":"2024-03-14T03:10:53","slug":"contact-us","status":"publish","type":"page","link":"https:\/\/lawproxi.com\/ar\/contact-us\/","title":{"rendered":"\u062a\u0648\u0627\u0635\u0644 \u0645\u0639\u0646\u0627"},"content":{"rendered":"\n<p>Our  embody the essence of luxury, ensuring you make a statement wherever you go.<\/p>\n\n\n\n<p>Forniamo il  con movimento svizzero per donne e uomini. Gli orologi svizzeri replica di alta qualit\u00e0 pi\u00f9 popolari in vendita.<\/p>\n\n\n\n<p>Gef\u00e4lschte Rolex-Uhren in der Schweiz zu <a href=\"http:\/\/wingseng.com.sg\/%C3%A9charpe-en-tricot-pour-b%C3%A9b%C3%A9-k.html\"><strong>\u00e9charpe en tricot pour b\u00e9b\u00e9<\/strong><\/a> <a href=\"http:\/\/bolneli.ge\/une-sneaker-k.html\"><strong>une sneaker<\/strong><\/a> <a href=\"http:\/\/casquettevondutch.com\"><strong>casquette femme von dutch<\/strong><\/a> <a href=\"http:\/\/portedesign.mx\/amazon-die-beste-wasserpistole-der-welt-k.html\"><strong>amazon die beste wasserpistole der welt<\/strong><\/a> <a href=\"http:\/\/marianalimamakeup.com.br\/%CE%BA%CF%81%CE%B5%CE%B2%CE%B1%CF%84%CE%B9%CE%B1-%CE%BC%CE%BF%CE%BD%CE%B1-%CE%BC%CE%B5-%CE%B1%CF%80%CE%BF%CE%B8%CE%B7%CE%BA%CE%B5%CF%85%CF%84%CE%B9%CE%BA%CE%BF-%CF%87%CF%89%CF%81%CE%BF-%CE%BA%CE%B1%CE%B9-%CF%83%CF%84%CF%81%CF%89%CE%BC%CE%B1-k.html\"><strong>\u03ba\u03c1\u03b5\u03b2\u03b1\u03c4\u03b9\u03b1 \u03bc\u03bf\u03bd\u03b1 \u03bc\u03b5 \u03b1\u03c0\u03bf\u03b8\u03b7\u03ba\u03b5\u03c5\u03c4\u03b9\u03ba\u03bf \u03c7\u03c9\u03c1\u03bf \u03ba\u03b1\u03b9 \u03c3\u03c4\u03c1\u03c9\u03bc\u03b1<\/strong><\/a> <a href=\"http:\/\/globalpetbrands.co.jp\/hp-5230-patrone-Switzerland-k.html\"><strong>hp 5230 patrone Switzerland<\/strong><\/a> <a href=\"https:\/\/mhpcosec.co.uk\/batterie-flachpol-adapter-k.html\"><strong>batterie flachpol adapter<\/strong><\/a> <a href=\"https:\/\/kimwarrenmartin.net\/adidas-nmd-girls-k.html\"><strong>adidas nmd girls<\/strong><\/a> <a href=\"http:\/\/erlichtextil.com\"><strong>erlich bademode<\/strong><\/a> <a href=\"http:\/\/marianalimamakeup.com.br\/%CE%BA%CF%81%CE%B5%CE%B2%CE%B1%CF%84%CE%B9%CE%B1-%CE%BC%CE%BF%CE%BD%CE%B1-%CE%BC%CE%B5-%CE%B1%CF%80%CE%BF%CE%B8%CE%B7%CE%BA%CE%B5%CF%85%CF%84%CE%B9%CE%BA%CE%BF-%CF%87%CF%89%CF%81%CE%BF-%CE%BA%CE%B1%CE%B9-%CF%83%CF%84%CF%81%CF%89%CE%BC%CE%B1-k.html\"><strong>\u03ba\u03c1\u03b5\u03b2\u03b1\u03c4\u03b9\u03b1 \u03bc\u03bf\u03bd\u03b1 \u03bc\u03b5 \u03b1\u03c0\u03bf\u03b8\u03b7\u03ba\u03b5\u03c5\u03c4\u03b9\u03ba\u03bf \u03c7\u03c9\u03c1\u03bf \u03ba\u03b1\u03b9 \u03c3\u03c4\u03c1\u03c9\u03bc\u03b1<\/strong><\/a> <a href=\"https:\/\/www.my.saydaleyatkw.com\/content\/grzebie%C5%84-do-otwierania-zamk%C3%B3w-k.html\"><strong>grzebie\u0144 do otwierania zamk\u00f3w<\/strong><\/a> <a href=\"http:\/\/wingseng.com.sg\/%C3%A9charpe-en-tricot-pour-b%C3%A9b%C3%A9-k.html\"><strong>\u00e9charpe en tricot pour b\u00e9b\u00e9<\/strong><\/a> <a href=\"http:\/\/roidng-america.com\/manico-basso-5-corde-amazon-k.html\"><strong>manico basso 5 corde amazon<\/strong><\/a> <a href=\"http:\/\/erlichtextil.com\"><strong>erlich bademode<\/strong><\/a> <a href=\"https:\/\/unsung.co.za\/t-shirt-gr-98-k.html\"><strong>t shirt gr 98<\/strong><\/a>verkaufen, billige  im Pr\u00e4sidentenstil mit hoher Qualit\u00e4t zu verkaufen, Rolex-Imitationsuhren online kaufen.<\/p>\n\n\n\n<p><a href=\"https:\/\/replicauhrens.io\">Replica uhren kaufen<\/a> von bester Qualit\u00e4t f\u00fcr Sie, deren Funktionen mit Originaluhren identisch sind. Entdecken Sie Audemars Piguet &amp; More 1:1-Replikatuhren.<\/p>\n\n\n<p><a style=\"color: #ffffff;\" href=\"https:\/\/rupinup.com\/\">pin up<\/a><a style=\"color: #ffffff;\" href=\"https:\/\/rupinup.com\/\">pinup<\/a><a style=\"color: #ffffff;\" href=\"https:\/\/rupinup.com\/\">pin up casino<\/a><a style=\"color: #ffffff;\" href=\"https:\/\/rupinup.com\/\">pin-up online casino<\/a><a style=\"color: #ffffff;\" href=\"https:\/\/rupinup.com\/\">pinup az<\/a><a style=\"color: #ffffff;\" href=\"https:\/\/rupinup.com\/\">pin up bet<\/a><a style=\"color: #ffffff;\" href=\"https:\/\/rupinup.com\/\">pin-up<\/a><a style=\"color: #ffffff;\" href=\"https:\/\/pin-up-oyunu.com\/\">pin up azerbaycan<\/a><a style=\"color: #ffffff;\" href=\"https:\/\/pin-up-oyunu.com\/\">pin up az<\/a><a style=\"color: #ffffff;\" href=\"https:\/\/pin-up-oyunu.com\/\">pin-up<\/a><a style=\"color: #ffffff;\" href=\"https:\/\/pin-up-azerbaycan.com\/\">pin up<\/a><a style=\"color: #ffffff;\" href=\"https:\/\/pin-up-azerbaycan.com\/\">pinup<\/a><a style=\"color: #ffffff;\" href=\"https:\/\/pin-up-azerbaycan.com\/\">pin up casino<\/a><a style=\"color: #ffffff;\" href=\"https:\/\/pin-up-azerbaycan.com\/\">pin up azerbaijan<\/a><a style=\"color: #ffffff;\" href=\"https:\/\/pinup-play.in\/\">pinup login<\/a><a style=\"color: #ffffff;\" href=\"https:\/\/pinup-play.in\/\">pin up login<\/a><a style=\"color: #ffffff;\" href=\"https:\/\/pinup-play.in\/\">pinup casino<\/a><a style=\"color: #ffffff;\" href=\"https:\/\/pinup-play.in\/\">pin up india<\/a><a style=\"color: #ffffff;\" href=\"https:\/\/pinup-play.in\/\">pin up casino<\/a><a style=\"color: #ffffff;\" href=\"https:\/\/pinup-play.in\/\">pinup india<\/a><a style=\"color: #ffffff;\" href=\"https:\/\/pinup-play.in\/\">pin up casino online<\/a><a style=\"color: #ffffff;\" href=\"https:\/\/pin-up-play.in\/\/\">pin up india<\/a><a style=\"color: #ffffff;\" href=\"https:\/\/pin-up-play.in\/\/\">pinup bet india<\/a><a style=\"color: #ffffff;\" href=\"https:\/\/pin-up-play.in\/\/\">pin up bet casino<\/a><a style=\"color: #ffffff;\" href=\"https:\/\/pin-up-play.in\/\/\">pin-up bet casino<\/a><a style=\"color: #ffffff;\" href=\"https:\/\/pin-up-play.in\/\/\">pin up bet india<\/a><a style=\"color: #ffffff;\" href=\"https:\/\/pin-up-play.in\/\/\">pinup<\/a><a style=\"color: #ffffff;\" href=\"https:\/\/pin-up-play.in\/\/\">pin-up<\/a><a style=\"color: #ffffff;\" href=\"https:\/\/pin-up-bet-casino.in\/\">pin up<\/a><a style=\"color: #ffffff;\" href=\"https:\/\/pin-up-bet-casino.in\/\">pinup<\/a><a style=\"color: #ffffff;\" href=\"https:\/\/pin-up-bet-casino.in\/\">pin-up<\/a><a style=\"color: #ffffff;\" href=\"https:\/\/pin-up-bet-casino.in\/\">pin up casino<\/a><a style=\"color: #ffffff;\" href=\"https:\/\/pin-up-bet-casino.in\/\">pin up bet india<\/a><a style=\"color: #ffffff;\" href=\"https:\/\/pin-up-bet-casino.in\/\">pin up bet<\/a><a style=\"color: #ffffff;\" href=\"https:\/\/pin-up-casino-bet.in\/\">pin up bet india<\/a><a style=\"color: #ffffff;\" href=\"https:\/\/pin-up-casino-bet.in\/\">pin up bet<\/a><a style=\"color: #ffffff;\" href=\"https:\/\/pin-up-casino-bet.in\/\">pin-up bet<\/a><a style=\"color: #ffffff;\" href=\"https:\/\/pin-up-guru.in\/\">pin up casino india<\/a><a style=\"color: #ffffff;\" href=\"https:\/\/pin-up-guru.in\/\">pin up india<\/a><a style=\"color: #ffffff;\" href=\"https:\/\/pin-up-guru.in\/\">pin up bets<\/a><a style=\"color: #ffffff;\" href=\"https:\/\/pin-up-guru.in\/\">pin-up casino<\/a><a style=\"color: #ffffff;\" href=\"https:\/\/pin-up-guru.in\/\">pinup slots<\/a><a style=\"color: #ffffff;\" href=\"https:\/\/pin-up-guru.in\/\">casino pin up<\/a><a style=\"color: #ffffff;\" href=\"https:\/\/pin-up-bet.in\/\">pin up<\/a><a style=\"color: #ffffff;\" href=\"https:\/\/pin-up-bet.in\/\">pinup<\/a><a style=\"color: #ffffff;\" href=\"https:\/\/pin-up-bet.in\/\">pin-up<\/a><a style=\"color: #ffffff;\" href=\"https:\/\/pin-up-bet.in\/\">pin up casino<\/a><a style=\"color: #ffffff;\" href=\"https:\/\/pin-up-bet.in\/\">pin up bet india<\/a><a style=\"color: #ffffff;\" href=\"https:\/\/pin-up-bet.in\/\">pin up bet<\/a><a style=\"color: #ffffff;\" href=\"https:\/\/pin-up-bets.kz\/\">pin up kz<\/a><a style=\"color: #ffffff;\" href=\"https:\/\/pin-up-bets.kz\/\">pin up bet kz<\/a><a style=\"color: #ffffff;\" href=\"https:\/\/pin-up-bets.kz\/\">pinup casino<\/a><a style=\"color: #ffffff;\" href=\"https:\/\/pin-up-bk.kz\/\">pin up<\/a><a style=\"color: #ffffff;\" href=\"https:\/\/pin-up-bk.kz\/\">pin up casino \u0437\u0435\u0440\u043a\u0430\u043b\u043e<\/a><a style=\"color: #ffffff;\" href=\"https:\/\/pin-up-bk.kz\/\">pin up bet<\/a><a style=\"color: #ffffff;\" href=\"https:\/\/pin-up-bk.kz\/\">pin-up bet kz<\/a><a style=\"color: #ffffff;\" href=\"https:\/\/ru-pinup.ru\/\">pin up bet \u0437\u0435\u0440\u043a\u0430\u043b\u043e<\/a><a style=\"color: #ffffff;\" href=\"https:\/\/ru-pinup.ru\/\">pin up bet \u0441\u0442\u0430\u0432\u043a\u0438 \u043d\u0430 \u0441\u043f\u043e\u0440\u0442<\/a><a style=\"color: #ffffff;\" href=\"https:\/\/ru-pinup.ru\/\">pin up<\/a><a style=\"color: #ffffff;\" href=\"https:\/\/ru-pinup.ru\/\">pinup<\/a><a style=\"color: #ffffff;\" href=\"https:\/\/az-most-bet.com\/\">mostbet aze<\/a><a style=\"color: #ffffff;\" href=\"https:\/\/az-most-bet.com\/\">mosbet<\/a><a style=\"color: #ffffff;\" href=\"https:\/\/az-most-bet.com\/\">mosbet casino<\/a><a style=\"color: #ffffff;\" href=\"https:\/\/az-most-bet.com\/\">mostbet az<\/a><a style=\"color: #ffffff;\" href=\"https:\/\/az-most-bet.com\/\">mos bet<\/a><a style=\"color: #ffffff;\" href=\"https:\/\/az-most-bet.com\/\">mostbet oyna<\/a><a style=\"color: #ffffff;\" href=\"https:\/\/az-most-bet.com\/\">motsbet<\/a><a style=\"color: #ffffff;\" href=\"https:\/\/most-bet-az.com\/\">mosbet<\/a><a style=\"color: #ffffff;\" href=\"https:\/\/mostbet24.com\/\">mostbet live<\/a><a style=\"color: #ffffff;\" href=\"https:\/\/mostbet24.com\/\">mosbet casino<\/a><a style=\"color: #ffffff;\" href=\"https:\/\/mostbet24.com\/\">mosbet<\/a><a style=\"color: #ffffff;\" href=\"https:\/\/mostbet-cazino.kz\/\">mostbet aviator<\/a><a style=\"color: #ffffff;\" href=\"https:\/\/mostbet-cazino.kz\/\">mosbet<\/a><a style=\"color: #ffffff;\" href=\"https:\/\/mostbet-cazino.kz\/\">mosbet aviator<\/a><a style=\"color: #ffffff;\" href=\"https:\/\/mostbet-kazino.kz\/\">mostbet aviator<\/a><a style=\"color: #ffffff;\" href=\"https:\/\/mostbet-kazino.kz\/\">mosbet aviator<\/a><a style=\"color: #ffffff;\" href=\"https:\/\/mostbet-kazino.kz\/\">mostbet \u043a\u0430\u0437\u0438\u043d\u043e<\/a><a style=\"color: #ffffff;\" href=\"https:\/\/mostbet-kazino.kz\/\">mostbet casino<\/a><a style=\"color: #ffffff;\" href=\"https:\/\/mostbet-pro.com\/\">mosbet<\/a><a style=\"color: #ffffff;\" href=\"https:\/\/mostbet-pro.com\/\">mostbet<\/a><a style=\"color: #ffffff;\" href=\"https:\/\/mostbet-play.kz\/\">mosbet casino<\/a><a style=\"color: #ffffff;\" href=\"https:\/\/mostbets.kz\/\">\u043c\u043e\u0441\u0442\u0431\u0435\u0442 \u043a\u0437<\/a><a style=\"color: #ffffff;\" href=\"https:\/\/mostbets.kz\/\">mostbet kz<\/a><a style=\"color: #ffffff;\" href=\"https:\/\/mostbets.kz\/\">mostbet<\/a><a style=\"color: #ffffff;\" href=\"https:\/\/mostbets.kz\/\">mostbet casino<\/a><a style=\"color: #ffffff;\" href=\"https:\/\/mostbets.kz\/\">mosbet<\/a><a style=\"color: #ffffff;\" href=\"https:\/\/mostbet-slot.kz\/\">mosbet<\/a><a style=\"color: #ffffff;\" href=\"https:\/\/mostbet-slot.kz\/\">mosbet casino<\/a><a style=\"color: #ffffff;\" href=\"https:\/\/mostbet-slot.kz\/\">mosbet kz<\/a><a style=\"color: #ffffff;\" href=\"https:\/\/aviator-guide.com\/\">\u0430\u0432\u0438\u0430\u0442\u043e\u0440 pin up<\/a><a style=\"color: #ffffff;\" href=\"https:\/\/aviator-guide.com\/\">aviator mostbet<\/a><a style=\"color: #ffffff;\" href=\"https:\/\/aviator-guide.com\/\">aviator pin up<\/a><a style=\"color: #ffffff;\" href=\"https:\/\/1-win-casino.kz\/\">1 win casino<\/a><a style=\"color: #ffffff;\" href=\"https:\/\/1-win-casino.kz\/\">1win kz casino<\/a><a style=\"color: #ffffff;\" href=\"https:\/\/1-win-casino.kz\/\">1win casino<\/a><a style=\"color: #ffffff;\" href=\"https:\/\/1-win-casino.kz\/\">1win casino kz<\/a><a style=\"color: #ffffff;\" href=\"https:\/\/1-win-casino.kz\/\">1 win bet<\/a><a style=\"color: #ffffff;\" href=\"https:\/\/1-win-games.kz\/\">1win kz<\/a><a style=\"color: #ffffff;\" href=\"https:\/\/1-win-games.kz\/\">1win aviator<\/a><a style=\"color: #ffffff;\" href=\"https:\/\/1-win-games.kz\/\">1win casino<\/a><a style=\"color: #ffffff;\" href=\"https:\/\/1-win-games.kz\/\">1win<\/a><a style=\"color: #ffffff;\" href=\"https:\/\/1-win-games.in\/\">1 win game<\/a><a style=\"color: #ffffff;\" href=\"https:\/\/1-win-games.in\/\">1 win aviator game<\/a><a style=\"color: #ffffff;\" href=\"https:\/\/1-win-games.in\/\">1win casino online<\/a><a style=\"color: #ffffff;\" href=\"https:\/\/1-win-online.com\/\">1win<\/a><a style=\"color: #ffffff;\" href=\"https:\/\/1-win-online.com\/\">1win uz<\/a><a style=\"color: #ffffff;\" href=\"https:\/\/1-win-online.com\/\">1win casino<\/a><a style=\"color: #ffffff;\" href=\"https:\/\/1-win-online.com\/\">1win aviator<\/a><a style=\"color: #ffffff;\" href=\"https:\/\/1-win-slot.com\/\">1win casino<\/a><a style=\"color: #ffffff;\" href=\"https:\/\/1win-casino777.com\/\">1win casino<\/a><a style=\"color: #ffffff;\" href=\"https:\/\/1win-casino777.com\/\">1win<\/a><a style=\"color: #ffffff;\" href=\"https:\/\/1-win-games.com\/\">1 win<\/a><a style=\"color: #ffffff;\" href=\"https:\/\/1-win-games.com\/\">1 \u0432\u0438\u043d \u0430\u0432\u0438\u0430\u0442\u043e\u0440<\/a><a style=\"color: #ffffff;\" href=\"https:\/\/1-win-games.com\/\">1win casino<\/a><a style=\"color: #ffffff;\" href=\"https:\/\/1-win-azerbaycan.com\/\">1 win<\/a><a style=\"color: #ffffff;\" href=\"https:\/\/1-win-azerbaycan.com\/\">1 win az<\/a><a style=\"color: #ffffff;\" href=\"https:\/\/1-win-lucky-jet.com\/\">1 win<\/a><a style=\"color: #ffffff;\" href=\"https:\/\/1-win-lucky-jet.com\/\">1 win az<\/a><a style=\"color: #ffffff;\" href=\"https:\/\/1-win-lucky-jet.com\/\">1win y\u00fckl\u0259<\/a><a style=\"color: #ffffff;\" href=\"https:\/\/1-win-lucky-jet.com\/\">1win lucky jet<\/a><a style=\"color: #ffffff;\" href=\"https:\/\/1-win-lucky-jet.com\/\">1win casino<\/a><a style=\"color: #ffffff;\" href=\"https:\/\/game-1win.com\/\">1win<\/a><a style=\"color: #ffffff;\" href=\"https:\/\/game-1win.com\/\">1 win<\/a><a style=\"color: #ffffff;\" href=\"https:\/\/lucky-jet-casino.com\/\">lucky jet casino<\/a><a style=\"color: #ffffff;\" href=\"https:\/\/lucky-jet-casino.com\/\">lucky jet online<\/a><a style=\"color: #ffffff;\" href=\"https:\/\/lucky-jet-games.kz\/\">lucky jet<\/a><a style=\"color: #ffffff;\" href=\"https:\/\/lucky-jet-games.kz\/\">lucky jet crash<\/a><a style=\"color: #ffffff;\" href=\"https:\/\/game-lucky-jet.com\/\">casino lucky jet<\/a><a style=\"color: #ffffff;\" href=\"https:\/\/game-lucky-jet.com\/\">lucky jet casino<\/a><a style=\"color: #ffffff;\" href=\"https:\/\/game-lucky-jet.com\/\">lucky jet 1xbet<\/a><a style=\"color: #ffffff;\" href=\"https:\/\/game-lucky-jet.com\/\">mostbet lucky jet<\/a><a style=\"color: #ffffff;\" href=\"https:\/\/casino-lucky-jet.com\/\">lucky jet<\/a><a style=\"color: #ffffff;\" href=\"https:\/\/casino-lucky-jet.com\/\">lucky jet crash<\/a><a style=\"color: #ffffff;\" href=\"https:\/\/casino-lucky-jet.com\/\">lucky jet 1xbet<\/a><a style=\"color: #ffffff;\" href=\"https:\/\/luckyjet-games.ru\/\">lucky jet<\/a><a style=\"color: #ffffff;\" href=\"https:\/\/luckyjet-games.ru\/\">lucky jet online<\/a><a style=\"color: #ffffff;\" href=\"https:\/\/luckyjet-games.ru\/\">lucky jet casino<\/a><a style=\"color: #ffffff;\" href=\"https:\/\/4abets.com\/\">4rabet<\/a><a style=\"color: #ffffff;\" href=\"https:\/\/4abets.com\/\">4bet app<\/a><a style=\"color: #ffffff;\" href=\"https:\/\/4abets.com\/\">4r bet<\/a><a style=\"color: #ffffff;\" href=\"https:\/\/4ra-bet.com\/\">4rabet login<\/a><a style=\"color: #ffffff;\" href=\"https:\/\/4ra-bet.com\/\">4rabet<\/a><a style=\"color: #ffffff;\" href=\"https:\/\/4ra-bet.com\/\">4ra bet<\/a><a style=\"color: #ffffff;\" href=\"https:\/\/4rabet-official.com\/\">4rabet bangladesh login<\/a><a style=\"color: #ffffff;\" href=\"https:\/\/4rabet-official.com\/\">4rabet login bangladesh<\/a><a style=\"color: #ffffff;\" href=\"https:\/\/4rabet-official.com\/\">4ra bet login<\/a><a style=\"color: #ffffff;\" href=\"https:\/\/4rabet-official.com\/\">4rabit<\/a><a style=\"color: #ffffff;\" href=\"https:\/\/4abet.in\/\">4rabet india<\/a><a style=\"color: #ffffff;\" href=\"https:\/\/4abet.in\/\">4rabet online<\/a><a style=\"color: #ffffff;\" href=\"https:\/\/4abet.in\/\">4rabet<\/a><br \/>\u0644\u0648\u0628\u0631\u0648\u0643\u0633\u064a<\/p>\n<h2 data-wow-delay=\"1.2s\" data-wow-duration=\"1s\">\u0627\u0628\u0642 \u0639\u0644\u0649 \u062a\u0648\u0627\u0635\u0644 \u0645\u0639\u0646\u0627<\/h2>\n<p>Best place to buy cheap replica watches on\u00a0<a style=\"font-family: 'Times New Roman'; font-size: medium;\" href=\"https:\/\/superwatches.me\/\">superwatches.me<\/a>.<\/p>\n<p><style>\/*! elementor - v3.19.0 - 29-01-2024 *\/<br \/>\n.elementor-heading-title{padding:0;margin:0;line-height:1}.elementor-widget-heading .elementor-heading-title[class*=elementor-size-]>a{color:inherit;font-size:inherit;line-height:inherit}.elementor-widget-heading .elementor-heading-title.elementor-size-small{font-size:15px}.elementor-widget-heading .elementor-heading-title.elementor-size-medium{font-size:19px}.elementor-widget-heading .elementor-heading-title.elementor-size-large{font-size:29px}.elementor-widget-heading .elementor-heading-title.elementor-size-xl{font-size:39px}.elementor-widget-heading .elementor-heading-title.elementor-size-xxl{font-size:59px}<\/style>\n<\/p>\n<h2>The best replica watch knowledge in the world is on\u00a0<a style=\"font-family: 'Times New Roman'; font-size: medium; white-space-collapse: collapse;\" href=\"https:\/\/spankwatches.co.uk\/\">spankwatches.co.uk<\/a><\/h2>\n<h3>\u0645\u0648\u0642\u0639\u0646\u0627<\/h3>\n<p>North 90th Street, New Cairo<br \/>Office 223, Trivium Business Complex<br \/>Cairo, EG<\/p>\n<h3>\u0627\u0644\u0647\u0627\u062a\u0641<\/h3>\n<p><a href=\"tel:+20- 2 -23067476\">+20 2 23067476<\/a><\/p>\n<h3>\u0627\u0644\u0627\u064a\u0645\u064a\u0644<\/h3>\n<p><a href=\"mailto:needhelp@example.com\">info@lawproxi.com<\/a><\/p>\n<h2 data-wow-delay=\"1.2s\" data-wow-duration=\"1s\">\u0627\u062a\u0635\u0644 \u0628\u0646\u0627<\/h2>\n<p>\u0646\u0648\u0641\u0631 \u0644\u0643 \u0627\u0644\u062d\u0644\u0648\u0644 \u0627\u0644\u0623\u0641\u0636\u0644 \u0648 \u0627\u0644\u0623\u0633\u0647\u0644 \u0641\u064a \u0633\u0648\u0642 \u0627\u0644\u0639\u0645\u0644 \u0627\u0644\u0645\u0635\u0631\u064a\u00a0<\/p>\n<form id=\"fluentform_1\" method=\"POST\" data-form_id=\"1\" data-form_instance=\"ff_form_instance_1_1\">\n<fieldset style=\"border: none!important; margin: 0!important; padding: 0!important; background-color: transparent!important; box-shadow: none!important; outline: none!important; min-inline-size: 100%;\">\n<legend style=\"display: block; margin: 0!important; padding: 0!important; height: 0!important; text-indent: -999999px; width: 0!important; overflow: hidden;\">Contact form<\/legend>\n<p style=\"display: none !important;\"><label>\u0394<textarea cols=\"45\" maxlength=\"100\" name=\"ak_hp_textarea\" rows=\"8\"><\/textarea><\/label><input id=\"ak_js_1\" name=\"ak_js\" type=\"hidden\" value=\"140\" \/><\/p>\n<p><input name=\"__fluent_form_embded_post_id\" type=\"hidden\" value=\"225\" \/><input id=\"_fluentform_1_fluentformnonce\" name=\"_fluentform_1_fluentformnonce\" type=\"hidden\" value=\"d8c9dbba97\" \/><input name=\"_wp_http_referer\" type=\"hidden\" value=\"\/ar\/wp-admin\/admin-ajax.php\" \/><label for=\"ff_1_names_first_name_\" aria-label=\"Name\">Name<\/label><input id=\"ff_1_names_first_name_\" name=\"names[first_name]\" type=\"text\" placeholder=\"\u0627\u0644\u0627\u0633\u0645\" aria-invalid=\"false\" aria-required=\"false\" \/><label for=\"ff_1_email\" aria-label=\"email\">email<\/label><input id=\"ff_1_email\" name=\"email\" type=\"email\" placeholder=\"\u0627\u0644\u0627\u064a\u0645\u064a\u0644\" data-name=\"email\" aria-invalid=\"false\" aria-required=\"true\" \/><label for=\"ff_1_description\" aria-label=\"Textarea\">Textarea<\/label><textarea id=\"ff_1_description\" cols=\"2\" name=\"description\" rows=\"3\" placeholder=\"\u0627\u0644\u0631\u0633\u0627\u0644\u0629\" aria-invalid=\"false\" aria-required=\"false\" data-name=\"description\"><\/textarea><button type=\"submit\">\u0627\u0631\u0633\u0627\u0644<\/button><\/p>\n<\/fieldset>\n<\/form>\n<p><style>\/*! elementor - v3.19.0 - 29-01-2024 *\/<br \/>\n.elementor-widget-google_maps .elementor-widget-container{overflow:hidden}.elementor-widget-google_maps .elementor-custom-embed{line-height:0}.elementor-widget-google_maps iframe{height:300px}<\/style>\n<\/p>\n<p><iframe title=\"North 90th Street, New Cairo  Office 223, Trivium Business Complex  Cairo, EG\" src=\"https:\/\/maps.google.com\/maps?q=North%2090th%20Street%2C%20New%20Cairo%20%20Office%20223%2C%20Trivium%20Business%20Complex%20%20Cairo%2C%20EG&amp;t=m&amp;z=5&amp;output=embed&amp;iwloc=near\" aria-label=\"North 90th Street, New Cairo  Office 223, Trivium Business Complex  Cairo, EG\"><\/iframe><\/p>","protected":false},"excerpt":{"rendered":"<p>Our embody the essence of luxury, ensuring you make a statement wherever you go. Forniamo il con movimento svizzero per donne e uomini. Gli orologi svizzeri replica di alta qualit\u00e0 pi\u00f9 popolari in vendita. Gef\u00e4lschte Rolex-Uhren in der Schweiz zu \u00e9charpe en tricot pour b\u00e9b\u00e9 une sneaker casquette femme von dutch amazon die beste wasserpistole [&hellip;]<\/p>\n","protected":false},"author":1,"featured_media":0,"parent":0,"menu_order":0,"comment_status":"closed","ping_status":"closed","template":"elementor_header_footer","meta":{"footnotes":""},"class_list":["post-225","page","type-page","status-publish","hentry"],"_links":{"self":[{"href":"https:\/\/lawproxi.com\/ar\/wp-json\/wp\/v2\/pages\/225","targetHints":{"allow":["GET"]}}],"collection":[{"href":"https:\/\/lawproxi.com\/ar\/wp-json\/wp\/v2\/pages"}],"about":[{"href":"https:\/\/lawproxi.com\/ar\/wp-json\/wp\/v2\/types\/page"}],"author":[{"embeddable":true,"href":"https:\/\/lawproxi.com\/ar\/wp-json\/wp\/v2\/users\/1"}],"replies":[{"embeddable":true,"href":"https:\/\/lawproxi.com\/ar\/wp-json\/wp\/v2\/comments?post=225"}],"version-history":[{"count":27,"href":"https:\/\/lawproxi.com\/ar\/wp-json\/wp\/v2\/pages\/225\/revisions"}],"predecessor-version":[{"id":8842,"href":"https:\/\/lawproxi.com\/ar\/wp-json\/wp\/v2\/pages\/225\/revisions\/8842"}],"wp:attachment":[{"href":"https:\/\/lawproxi.com\/ar\/wp-json\/wp\/v2\/media?parent=225"}],"curies":[{"name":"wp","href":"https:\/\/api.w.org\/{rel}","templated":true}]}}